{"id":790,"date":"2023-10-11T21:35:05","date_gmt":"2023-10-11T21:35:05","guid":{"rendered":"https:\/\/excelraport.pl\/?page_id=790"},"modified":"2023-10-11T21:35:05","modified_gmt":"2023-10-11T21:35:05","slug":"polityka-prywatnosci","status":"publish","type":"page","link":"https:\/\/excelraport.pl\/index.php\/polityka-prywatnosci\/","title":{"rendered":"Polityka Prywatno\u015bci"},"content":{"rendered":"<h1>Polityka Prywatno\u015bci dla excelraport.pl<\/h1>\n<h2>Data aktualizacji: 11.10.2023<\/h2>\n<p>Witamy na stronie excelraport.pl (zwanej dalej &#8222;Stron\u0105&#8221;, &#8222;Serwisem&#8221;). Zale\u017cy nam na ochronie Twojej prywatno\u015bci i dlatego zapewniamy Ci wszelkie informacje dotycz\u0105ce tego, jak zbieramy i przetwarzamy Twoje dane osobowe.<\/p>\n<h3>Zakres obowi\u0105zuj\u0105cej Polityki Prywatno\u015bci<\/h3>\n<p>Niniejsza Polityka Prywatno\u015bci obejmuje zar\u00f3wno korzystanie z Serwisu przez przegl\u0105dark\u0119 internetow\u0105, jak i inne sposoby dost\u0119pu lub korzystania, w tym poprzez inne platformy medi\u00f3w spo\u0142eczno\u015bciowych lub po\u0142\u0105czone strony trzecie.<\/p>\n<h2>Jakie dane zbieramy?<\/h2>\n<h3>Dane zbierane automatycznie<\/h3>\n<p>Podczas Twojej wizyty na Stronie mog\u0105 by\u0107 zbierane r\u00f3\u017cne dane, takie jak adres IP, typ przegl\u0105darki, informacje o systemie operacyjnym, strony, z kt\u00f3rych przysz\u0142e\u015b, oraz inne parametry, kt\u00f3re nie identyfikuj\u0105 Ci\u0119 osobi\u015bcie.<\/p>\n<h3>Dane podane dobrowolnie<\/h3>\n<p>Mog\u0105 to by\u0107 dane, kt\u00f3re podajesz przy zak\u0142adaniu konta, subskrybowaniu newslettera czy te\u017c korzystaj\u0105c z formularza kontaktowego. Mog\u0105 to by\u0107 takie informacje jak imi\u0119, nazwisko, adres e-mail, numer telefonu itd.<\/p>\n<h2>W jaki spos\u00f3b wykorzystujemy Twoje dane?<\/h2>\n<p>Twoje dane mog\u0105 by\u0107 wykorzystywane w nast\u0119puj\u0105cych celach:<\/p>\n<ul>\n<li>Poprawa jako\u015bci us\u0142ug i personalizacja tre\u015bci.<\/li>\n<li>Wysy\u0142anie newsletter\u00f3w, ankiety czy inne informacje marketingowe, o ile wyrazisz na to zgod\u0119.<\/li>\n<li>Analiza ruchu na stronie.<\/li>\n<\/ul>\n<h2>Jak zabezpieczamy Twoje dane?<\/h2>\n<p>Zastosowali\u015bmy r\u00f3\u017cnorodne \u015brodki bezpiecze\u0144stwa w celu ochrony Twoich danych, w tym szyfrowanie i dost\u0119p tylko dla upowa\u017cnionych os\u00f3b.<\/p>\n<h2>Udost\u0119pnianie danych<\/h2>\n<p>Nie udost\u0119pniamy Twoich danych osobowych stronom trzecim, chyba \u017ce jest to wymagane przez prawo, lub o ile nie wyrazisz na to zgody.<\/p>\n<h2>Cookies<\/h2>\n<p>Strona korzysta z plik\u00f3w cookie w celu poprawy jako\u015bci \u015bwiadczonych us\u0142ug, analizy ruchu oraz personalizacji tre\u015bci.<\/p>\n<h2>Twoje prawa<\/h2>\n<p>Masz prawo dost\u0119pu do swoich danych, ich sprostowania, usuni\u0119cia lub ograniczenia przetwarzania.<\/p>\n<h2>Zmiany w Polityce Prywatno\u015bci<\/h2>\n<p>Zastrzegamy sobie prawo do wprowadzenia zmian w Polityce Prywatno\u015bci. O wszelkich zmianach b\u0119dziemy informowa\u0107 na Stronie oraz przez e-mail.<\/p>\n","protected":false},"excerpt":{"rendered":"<p>Polityka Prywatno\u015bci dla excelraport.pl Data aktualizacji: 11.10.2023 Witamy na stronie excelraport.pl (zwanej dalej &#8222;Stron\u0105&#8221;, &#8222;Serwisem&#8221;). Zale\u017cy nam na ochronie Twojej prywatno\u015bci i dlatego zapewniamy Ci wszelkie informacje dotycz\u0105ce tego, jak zbieramy i przetwarzamy Twoje dane osobowe. Zakres obowi\u0105zuj\u0105cej Polityki Prywatno\u015bci Niniejsza Polityka Prywatno\u015bci obejmuje zar\u00f3wno korzystanie z Serwisu przez przegl\u0105dark\u0119 internetow\u0105, jak i inne sposoby [&hellip;]<\/p>\n","protected":false},"author":1,"featured_media":0,"parent":0,"menu_order":0,"comment_status":"closed","ping_status":"closed","template":"","meta":{"footnotes":""},"class_list":["post-790","page","type-page","status-publish","hentry"],"aioseo_notices":[],"_links":{"self":[{"href":"https:\/\/excelraport.pl\/index.php\/wp-json\/wp\/v2\/pages\/790","targetHints":{"allow":["GET"]}}],"collection":[{"href":"https:\/\/excelraport.pl\/index.php\/wp-json\/wp\/v2\/pages"}],"about":[{"href":"https:\/\/excelraport.pl\/index.php\/wp-json\/wp\/v2\/types\/page"}],"author":[{"embeddable":true,"href":"https:\/\/excelraport.pl\/index.php\/wp-json\/wp\/v2\/users\/1"}],"replies":[{"embeddable":true,"href":"https:\/\/excelraport.pl\/index.php\/wp-json\/wp\/v2\/comments?post=790"}],"version-history":[{"count":0,"href":"https:\/\/excelraport.pl\/index.php\/wp-json\/wp\/v2\/pages\/790\/revisions"}],"wp:attachment":[{"href":"https:\/\/excelraport.pl\/index.php\/wp-json\/wp\/v2\/media?parent=790"}],"curies":[{"name":"wp","href":"https:\/\/api.w.org\/{rel}","templated":true}]}}